{"id":782,"date":"2022-10-07T13:37:18","date_gmt":"2022-10-07T13:37:18","guid":{"rendered":"https:\/\/theme.madsparrow.me\/most\/?page_id=782"},"modified":"2025-10-08T10:12:28","modified_gmt":"2025-10-08T10:12:28","slug":"anasayfa","status":"publish","type":"page","link":"https:\/\/www.bellaninayapi.com\/nobili\/","title":{"rendered":"Anasayfa"},"content":{"rendered":"\t\t<div data-elementor-type=\"wp-page\" data-elementor-id=\"782\" class=\"elementor elementor-782\">\n\t\t\t\t\t\t<section class=\"elementor-section elementor-top-section elementor-element elementor-element-413590e elementor-section-full_width elementor-section-height-full elementor-section-height-default elementor-section-items-middle\" data-id=\"413590e\" data-element_type=\"section\">\n\t\t\t\t\t\t<div class=\"elementor-container elementor-column-gap-no\">\n\t\t\t\t\t<div class=\"elementor-column elementor-col-100 elementor-top-column elementor-element elementor-element-1cc38ab\" data-id=\"1cc38ab\" data-element_type=\"column\">\n\t\t\t<div class=\"elementor-widget-wrap elementor-element-populated\">\n\t\t\t\t\t\t<div class=\"elementor-element elementor-element-dc20e9d elementor-widget elementor-widget-ms_slider_fs\" data-id=\"dc20e9d\" data-element_type=\"widget\" data-widget_type=\"ms_slider_fs.default\">\n\t\t\t\t<div class=\"elementor-widget-container\">\n\t\t\t\t\t\r\n        <div class=\"ms-swiper-content\">\r\n            <div class=\"ms-slider\" data-nav=\"bottom\" data-autoplay=\"\" data-centered=\"off\" data-mousewheel=\"on\" data-simulatetouch=\"on\" data-grabcursor=\"on\" data-effect=\"slide\" data-direction=\"horizontal\" data-loop=\"\" data-spv=\"1\" data-spv-t=\"1\" data-spv-m=\"1\" data-space=\"0\" data-space-t=\"0\" data-space-m=\"0\" data-speed=\"1000\">\r\n                <div class=\"swiper-wrapper\">\r\n                                                                    <div class=\"swiper-slide\">\r\n                                                    <div class=\"slide-inner\" data-swiper-parallax=\"70%\">\r\n                            \r\n                                                                    <div class=\"ms-slider--img\">\r\n                                        <img fetchpriority=\"high\" decoding=\"async\" width=\"1920\" height=\"1080\" src=\"https:\/\/www.bellaninayapi.com\/nobili\/wp-content\/uploads\/2025\/06\/sole_banner-1.1920x0.jpg\" class=\"attachment-full size-full wp-image-3223\" alt=\"\" srcset=\"https:\/\/www.bellaninayapi.com\/nobili\/wp-content\/uploads\/2025\/06\/sole_banner-1.1920x0.jpg 1920w, https:\/\/www.bellaninayapi.com\/nobili\/wp-content\/uploads\/2025\/06\/sole_banner-1.1920x0-300x169.jpg 300w, https:\/\/www.bellaninayapi.com\/nobili\/wp-content\/uploads\/2025\/06\/sole_banner-1.1920x0-1024x576.jpg 1024w, https:\/\/www.bellaninayapi.com\/nobili\/wp-content\/uploads\/2025\/06\/sole_banner-1.1920x0-768x432.jpg 768w, https:\/\/www.bellaninayapi.com\/nobili\/wp-content\/uploads\/2025\/06\/sole_banner-1.1920x0-1536x864.jpg 1536w, https:\/\/www.bellaninayapi.com\/nobili\/wp-content\/uploads\/2025\/06\/sole_banner-1.1920x0-400x225.jpg 400w, https:\/\/www.bellaninayapi.com\/nobili\/wp-content\/uploads\/2025\/06\/sole_banner-1.1920x0-1120x630.jpg 1120w\" sizes=\"(max-width: 1920px) 100vw, 1920px\" \/>                                    <\/div>\r\n                                                                \r\n                                \r\n                                                                                                                                            <div class=\"ms-slider--cont\" data-swiper-parallax=\"-69%\">\r\n                                            <div class=\"ms-cont__inner\">\r\n\r\n                                                                                                    <h3 class=\"ms-sc--st\">Bellanina Yap\u0131<\/h3>\r\n                                                \r\n                                                                                                    <h1 class=\"ms-sc--t\">NOBILI<\/h1>\r\n                                                                                                \r\n                                                                                                    <p class=\"ms-sc--desc\">En geleneksel mant\u0131\u011f\u0131 alt \u00fcst edebilecek yeni oranlar. Sole, \u00e7ok zorunlu olmas\u0131 nedeniyle <br>asla s\u0131k\u0131c\u0131 olmayan benzersiz bir miksere hayat verebilecek bir kombinasyon olarak teknoloji ile <br> stil aras\u0131ndaki m\u00fckemmel sentezi temsil eder: Yap\u0131m\u0131 karma\u015f\u0131k, ya\u015famas\u0131 kolayd\u0131r.<\/p>\r\n                                                \r\n                                                                                            <\/div>\r\n                                        <\/div>\r\n                                                                                                <\/div>\r\n                        <\/div>\r\n                                                                    <div class=\"swiper-slide\">\r\n                                                    <div class=\"slide-inner\" data-swiper-parallax=\"70%\">\r\n                            \r\n                                                                    <div class=\"ms-slider--img\">\r\n                                        <img decoding=\"async\" width=\"1920\" height=\"1080\" src=\"https:\/\/www.bellaninayapi.com\/nobili\/wp-content\/uploads\/2025\/06\/nobili-banner.jpg\" class=\"attachment-full size-full wp-image-3233\" alt=\"\" srcset=\"https:\/\/www.bellaninayapi.com\/nobili\/wp-content\/uploads\/2025\/06\/nobili-banner.jpg 1920w, https:\/\/www.bellaninayapi.com\/nobili\/wp-content\/uploads\/2025\/06\/nobili-banner-300x169.jpg 300w, https:\/\/www.bellaninayapi.com\/nobili\/wp-content\/uploads\/2025\/06\/nobili-banner-1024x576.jpg 1024w, https:\/\/www.bellaninayapi.com\/nobili\/wp-content\/uploads\/2025\/06\/nobili-banner-768x432.jpg 768w, https:\/\/www.bellaninayapi.com\/nobili\/wp-content\/uploads\/2025\/06\/nobili-banner-1536x864.jpg 1536w, https:\/\/www.bellaninayapi.com\/nobili\/wp-content\/uploads\/2025\/06\/nobili-banner-400x225.jpg 400w, https:\/\/www.bellaninayapi.com\/nobili\/wp-content\/uploads\/2025\/06\/nobili-banner-1120x630.jpg 1120w\" sizes=\"(max-width: 1920px) 100vw, 1920px\" \/>                                    <\/div>\r\n                                                                \r\n                                \r\n                                                                                                                                            <div class=\"ms-slider--cont\" data-swiper-parallax=\"-69%\">\r\n                                            <div class=\"ms-cont__inner\">\r\n\r\n                                                \r\n                                                                                                \r\n                                                \r\n                                                                                            <\/div>\r\n                                        <\/div>\r\n                                                                                                <\/div>\r\n                        <\/div>\r\n                                    <\/div>\r\n                                    <div class=\"ms-slider--nav nav-size--lg\">\r\n                        <div class=\"ms-nav--next\">\r\n                            <svg class=\"i-arrow\" viewBox=\"0 0 17 12\">\r\n                                <path d=\"M1,6h14\"><\/path>\r\n                                <path d=\"M12,1l4,5\"><\/path>\r\n                                <path d=\"M12,11l4-5\"><\/path>\r\n                            <\/svg>\r\n                        <\/div>\r\n                        <div class=\"ms-nav--prev\">\r\n                            <svg class=\"i-arrow\" viewBox=\"0 0 17 12\">\r\n                                <path d=\"M1,6h14\"><\/path>\r\n                                <path d=\"M12,1l4,5\"><\/path>\r\n                                <path d=\"M12,11l4-5\"><\/path>\r\n                            <\/svg>\r\n                        <\/div>\r\n                    <\/div>\r\n                                                    <div class=\"ms-slider--progress center\">\r\n                        <div class=\"ms-slider--count\"><\/div>\r\n                        <div class=\"ms-slider--pagination swiper-pagination\"><\/div>\r\n                        <div class=\"ms-slider--count__total\"><\/div>\r\n                    <\/div>\r\n                            <\/div>\r\n        <\/div>\r\n\t\t\t\t\t\t<\/div>\n\t\t\t\t<\/div>\n\t\t\t\t\t<\/div>\n\t\t<\/div>\n\t\t\t\t\t<\/div>\n\t\t<\/section>\n\t\t\t\t<\/div>\n\t\t","protected":false},"excerpt":{"rendered":"<p>Bellanina Yap\u0131 NOBILI En geleneksel mant\u0131\u011f\u0131 alt \u00fcst edebilecek yeni oranlar. Sole, \u00e7ok zorunlu olmas\u0131 nedeniyle asla s\u0131k\u0131c\u0131 olmayan benzersiz bir miksere hayat verebilecek [&hellip;]<\/p>\n","protected":false},"author":1,"featured_media":0,"parent":0,"menu_order":0,"comment_status":"closed","ping_status":"closed","template":"page-no-footer.php","meta":{"_acf_changed":false,"footnotes":""},"class_list":["post-782","page","type-page","status-publish","hentry"],"acf":{"full_width":true,"header_transparent":true,"header_white":true},"_links":{"self":[{"href":"https:\/\/www.bellaninayapi.com\/nobili\/wp-json\/wp\/v2\/pages\/782","targetHints":{"allow":["GET"]}}],"collection":[{"href":"https:\/\/www.bellaninayapi.com\/nobili\/wp-json\/wp\/v2\/pages"}],"about":[{"href":"https:\/\/www.bellaninayapi.com\/nobili\/wp-json\/wp\/v2\/types\/page"}],"author":[{"embeddable":true,"href":"https:\/\/www.bellaninayapi.com\/nobili\/wp-json\/wp\/v2\/users\/1"}],"replies":[{"embeddable":true,"href":"https:\/\/www.bellaninayapi.com\/nobili\/wp-json\/wp\/v2\/comments?post=782"}],"version-history":[{"count":20,"href":"https:\/\/www.bellaninayapi.com\/nobili\/wp-json\/wp\/v2\/pages\/782\/revisions"}],"predecessor-version":[{"id":3359,"href":"https:\/\/www.bellaninayapi.com\/nobili\/wp-json\/wp\/v2\/pages\/782\/revisions\/3359"}],"wp:attachment":[{"href":"https:\/\/www.bellaninayapi.com\/nobili\/wp-json\/wp\/v2\/media?parent=782"}],"curies":[{"name":"wp","href":"https:\/\/api.w.org\/{rel}","templated":true}]}}