{"id":782,"date":"2022-10-07T13:37:18","date_gmt":"2022-10-07T13:37:18","guid":{"rendered":"https:\/\/theme.madsparrow.me\/most\/?page_id=782"},"modified":"2025-11-02T14:19:37","modified_gmt":"2025-11-02T14:19:37","slug":"anasayfa","status":"publish","type":"page","link":"https:\/\/www.bellaninayapi.com\/huppe-blanco\/","title":{"rendered":"Anasayfa"},"content":{"rendered":"\t\t<div data-elementor-type=\"wp-page\" data-elementor-id=\"782\" class=\"elementor elementor-782\">\n\t\t\t\t\t\t<section class=\"elementor-section elementor-top-section elementor-element elementor-element-413590e elementor-section-full_width elementor-section-height-full elementor-section-height-default elementor-section-items-middle\" data-id=\"413590e\" data-element_type=\"section\">\n\t\t\t\t\t\t<div class=\"elementor-container elementor-column-gap-no\">\n\t\t\t\t\t<div class=\"elementor-column elementor-col-100 elementor-top-column elementor-element elementor-element-1cc38ab\" data-id=\"1cc38ab\" data-element_type=\"column\">\n\t\t\t<div class=\"elementor-widget-wrap elementor-element-populated\">\n\t\t\t\t\t\t<div class=\"elementor-element elementor-element-dc20e9d elementor-widget elementor-widget-ms_slider_fs\" data-id=\"dc20e9d\" data-element_type=\"widget\" data-widget_type=\"ms_slider_fs.default\">\n\t\t\t\t<div class=\"elementor-widget-container\">\n\t\t\t\t\t\r\n        <div class=\"ms-swiper-content\">\r\n            <div class=\"ms-slider\" data-nav=\"bottom\" data-autoplay=\"\" data-centered=\"off\" data-mousewheel=\"on\" data-simulatetouch=\"on\" data-grabcursor=\"on\" data-effect=\"slide\" data-direction=\"horizontal\" data-loop=\"\" data-spv=\"1\" data-spv-t=\"1\" data-spv-m=\"1\" data-space=\"0\" data-space-t=\"0\" data-space-m=\"0\" data-speed=\"1000\">\r\n                <div class=\"swiper-wrapper\">\r\n                                                                    <div class=\"swiper-slide\">\r\n                                                    <div class=\"slide-inner\" data-swiper-parallax=\"70%\">\r\n                            \r\n                                                                    <div class=\"ms-slider--img\">\r\n                                        <img fetchpriority=\"high\" decoding=\"async\" width=\"2000\" height=\"1120\" src=\"https:\/\/www.bellaninayapi.com\/huppe-blanco\/wp-content\/uploads\/2025\/11\/94-Xtensa-KY-S-K1S1-T-WALK-IN.jpg\" class=\"attachment-full size-full wp-image-3238\" alt=\"\" srcset=\"https:\/\/www.bellaninayapi.com\/huppe-blanco\/wp-content\/uploads\/2025\/11\/94-Xtensa-KY-S-K1S1-T-WALK-IN.jpg 2000w, https:\/\/www.bellaninayapi.com\/huppe-blanco\/wp-content\/uploads\/2025\/11\/94-Xtensa-KY-S-K1S1-T-WALK-IN-300x168.jpg 300w, https:\/\/www.bellaninayapi.com\/huppe-blanco\/wp-content\/uploads\/2025\/11\/94-Xtensa-KY-S-K1S1-T-WALK-IN-1024x573.jpg 1024w, https:\/\/www.bellaninayapi.com\/huppe-blanco\/wp-content\/uploads\/2025\/11\/94-Xtensa-KY-S-K1S1-T-WALK-IN-768x430.jpg 768w, https:\/\/www.bellaninayapi.com\/huppe-blanco\/wp-content\/uploads\/2025\/11\/94-Xtensa-KY-S-K1S1-T-WALK-IN-1536x860.jpg 1536w, https:\/\/www.bellaninayapi.com\/huppe-blanco\/wp-content\/uploads\/2025\/11\/94-Xtensa-KY-S-K1S1-T-WALK-IN-400x224.jpg 400w, https:\/\/www.bellaninayapi.com\/huppe-blanco\/wp-content\/uploads\/2025\/11\/94-Xtensa-KY-S-K1S1-T-WALK-IN-1120x627.jpg 1120w\" sizes=\"(max-width: 2000px) 100vw, 2000px\" \/>                                    <\/div>\r\n                                                                \r\n                                \r\n                                                                                                                                            <div class=\"ms-slider--cont\" data-swiper-parallax=\"-69%\">\r\n                                            <div class=\"ms-cont__inner\">\r\n\r\n                                                                                                    <h3 class=\"ms-sc--st\">BELLAN\u0130NA YAPI<\/h3>\r\n                                                \r\n                                                                                                    <h1 class=\"ms-sc--t\">HUPPE<\/h1>\r\n                                                                                                \r\n                                                                                                    <p class=\"ms-sc--desc\">Banyolar\u0131n\u0131z\u0131 yenileme zaman\u0131 geldi!<\/p>\r\n                                                \r\n                                                                                            <\/div>\r\n                                        <\/div>\r\n                                                                                                <\/div>\r\n                        <\/div>\r\n                                                                    <div class=\"swiper-slide\">\r\n                                                    <div class=\"slide-inner\" data-swiper-parallax=\"70%\">\r\n                            \r\n                                                                    <div class=\"ms-slider--img\">\r\n                                        <img decoding=\"async\" width=\"2000\" height=\"1120\" src=\"https:\/\/www.bellaninayapi.com\/huppe-blanco\/wp-content\/uploads\/2025\/11\/6-Solva-Minimal-AK-C-SOLO-T-Ekstra-Panelli.jpg\" class=\"attachment-full size-full wp-image-3239\" alt=\"\" srcset=\"https:\/\/www.bellaninayapi.com\/huppe-blanco\/wp-content\/uploads\/2025\/11\/6-Solva-Minimal-AK-C-SOLO-T-Ekstra-Panelli.jpg 2000w, https:\/\/www.bellaninayapi.com\/huppe-blanco\/wp-content\/uploads\/2025\/11\/6-Solva-Minimal-AK-C-SOLO-T-Ekstra-Panelli-300x168.jpg 300w, https:\/\/www.bellaninayapi.com\/huppe-blanco\/wp-content\/uploads\/2025\/11\/6-Solva-Minimal-AK-C-SOLO-T-Ekstra-Panelli-1024x573.jpg 1024w, https:\/\/www.bellaninayapi.com\/huppe-blanco\/wp-content\/uploads\/2025\/11\/6-Solva-Minimal-AK-C-SOLO-T-Ekstra-Panelli-768x430.jpg 768w, https:\/\/www.bellaninayapi.com\/huppe-blanco\/wp-content\/uploads\/2025\/11\/6-Solva-Minimal-AK-C-SOLO-T-Ekstra-Panelli-1536x860.jpg 1536w, https:\/\/www.bellaninayapi.com\/huppe-blanco\/wp-content\/uploads\/2025\/11\/6-Solva-Minimal-AK-C-SOLO-T-Ekstra-Panelli-400x224.jpg 400w, https:\/\/www.bellaninayapi.com\/huppe-blanco\/wp-content\/uploads\/2025\/11\/6-Solva-Minimal-AK-C-SOLO-T-Ekstra-Panelli-1120x627.jpg 1120w\" sizes=\"(max-width: 2000px) 100vw, 2000px\" \/>                                    <\/div>\r\n                                                                \r\n                                \r\n                                                                                                                                            <div class=\"ms-slider--cont\" data-swiper-parallax=\"-69%\">\r\n                                            <div class=\"ms-cont__inner\">\r\n\r\n                                                                                                    <h3 class=\"ms-sc--st\">BELLAN\u0130NA YAPI<\/h3>\r\n                                                \r\n                                                                                                    <h1 class=\"ms-sc--t\">HUPPE<\/h1>\r\n                                                                                                \r\n                                                                                                    <p class=\"ms-sc--desc\">Tasar\u0131m ve yenilik bir arada!<\/p>\r\n                                                \r\n                                                                                            <\/div>\r\n                                        <\/div>\r\n                                                                                                <\/div>\r\n                        <\/div>\r\n                                    <\/div>\r\n                                    <div class=\"ms-slider--nav nav-size--lg\">\r\n                        <div class=\"ms-nav--next\">\r\n                            <svg class=\"i-arrow\" viewBox=\"0 0 17 12\">\r\n                                <path d=\"M1,6h14\"><\/path>\r\n                                <path d=\"M12,1l4,5\"><\/path>\r\n                                <path d=\"M12,11l4-5\"><\/path>\r\n                            <\/svg>\r\n                        <\/div>\r\n                        <div class=\"ms-nav--prev\">\r\n                            <svg class=\"i-arrow\" viewBox=\"0 0 17 12\">\r\n                                <path d=\"M1,6h14\"><\/path>\r\n                                <path d=\"M12,1l4,5\"><\/path>\r\n                                <path d=\"M12,11l4-5\"><\/path>\r\n                            <\/svg>\r\n                        <\/div>\r\n                    <\/div>\r\n                                                    <div class=\"ms-slider--progress center\">\r\n                        <div class=\"ms-slider--count\"><\/div>\r\n                        <div class=\"ms-slider--pagination swiper-pagination\"><\/div>\r\n                        <div class=\"ms-slider--count__total\"><\/div>\r\n                    <\/div>\r\n                            <\/div>\r\n        <\/div>\r\n\t\t\t\t\t\t<\/div>\n\t\t\t\t<\/div>\n\t\t\t\t\t<\/div>\n\t\t<\/div>\n\t\t\t\t\t<\/div>\n\t\t<\/section>\n\t\t\t\t<\/div>\n\t\t","protected":false},"excerpt":{"rendered":"<p>BELLAN\u0130NA YAPI HUPPE Banyolar\u0131n\u0131z\u0131 yenileme zaman\u0131 geldi! BELLAN\u0130NA YAPI HUPPE Tasar\u0131m ve yenilik bir arada!<\/p>\n","protected":false},"author":1,"featured_media":0,"parent":0,"menu_order":0,"comment_status":"closed","ping_status":"closed","template":"page-no-footer.php","meta":{"_acf_changed":false,"footnotes":""},"class_list":["post-782","page","type-page","status-publish","hentry"],"acf":{"full_width":true,"header_transparent":true,"header_white":true},"_links":{"self":[{"href":"https:\/\/www.bellaninayapi.com\/huppe-blanco\/wp-json\/wp\/v2\/pages\/782","targetHints":{"allow":["GET"]}}],"collection":[{"href":"https:\/\/www.bellaninayapi.com\/huppe-blanco\/wp-json\/wp\/v2\/pages"}],"about":[{"href":"https:\/\/www.bellaninayapi.com\/huppe-blanco\/wp-json\/wp\/v2\/types\/page"}],"author":[{"embeddable":true,"href":"https:\/\/www.bellaninayapi.com\/huppe-blanco\/wp-json\/wp\/v2\/users\/1"}],"replies":[{"embeddable":true,"href":"https:\/\/www.bellaninayapi.com\/huppe-blanco\/wp-json\/wp\/v2\/comments?post=782"}],"version-history":[{"count":8,"href":"https:\/\/www.bellaninayapi.com\/huppe-blanco\/wp-json\/wp\/v2\/pages\/782\/revisions"}],"predecessor-version":[{"id":3270,"href":"https:\/\/www.bellaninayapi.com\/huppe-blanco\/wp-json\/wp\/v2\/pages\/782\/revisions\/3270"}],"wp:attachment":[{"href":"https:\/\/www.bellaninayapi.com\/huppe-blanco\/wp-json\/wp\/v2\/media?parent=782"}],"curies":[{"name":"wp","href":"https:\/\/api.w.org\/{rel}","templated":true}]}}